
{"id":7828,"date":"2024-01-17T09:12:07","date_gmt":"2024-01-17T09:12:07","guid":{"rendered":"https:\/\/iamds.com\/?page_id=7828"},"modified":"2024-07-25T10:36:45","modified_gmt":"2024-07-25T10:36:45","slug":"imprint","status":"publish","type":"page","link":"https:\/\/iamds.com\/en\/imprint\/","title":{"rendered":"Imprint"},"content":{"rendered":"<div id=\"fws_69e5d71a179f9\"  data-column-margin=\"default\" data-midnight=\"dark\"  class=\"wpb_row vc_row-fluid vc_row\"  style=\"padding-top: 0px; padding-bottom: 0px; \"><div class=\"row-bg-wrap\" data-bg-animation=\"none\" data-bg-animation-delay=\"\" data-bg-overlay=\"false\"><div class=\"inner-wrap row-bg-layer\" ><div class=\"row-bg viewport-desktop\"  style=\"\"><\/div><\/div><\/div><div class=\"row_col_wrap_12 col span_12 dark left\">\n\t<div  class=\"vc_col-sm-12 wpb_column column_container vc_column_container col no-extra-padding inherit_tablet inherit_phone\"  data-padding-pos=\"all\" data-has-bg-color=\"false\" data-bg-color=\"\" data-bg-opacity=\"1\" data-animation=\"\" data-delay=\"0\" >\n\t\t<div class=\"vc_column-inner\" >\n\t\t\t<div class=\"wpb_wrapper\">\n\t\t\t\t<div class=\"divider-wrap\" data-alignment=\"default\"><div style=\"height: 128px;\" class=\"divider\"><\/div><\/div>\n<div class=\"wpb_text_column wpb_content_element\" >\n\t<div class=\"wpb_wrapper\">\n\t\t<div style=\"word-wrap: break-word;\"><h1>Site Notice<\/h1>\n\n<h2>Information pursuant to Sect. 5 German Telemedia Act (TMG)<\/h2>\n<p>IAMDS GmbH<br \/>\nHeininger Str. 6<br \/>\n94036 Passau<\/p>\n\n<p>Commercial Register: HRB 10734<br \/>\nRegistration court: Amtsgericht Passau<\/p>\n\n<p><strong>Represented by:<\/strong><br \/>\nPatrick Tkalcic<br \/>\r\nBenedikt Wein<\/p>\n\n<h2>Contact<\/h2>\n<p>Phone: +49 (0) 851 20952170<br \/>\nE-mail: info@iamds.com<\/p>\n\n<h2>VAT ID<\/h2>\n<p>Sales tax identification number according to Sect. 27 a of the Sales Tax Law:<br \/>\nDE310643141<\/p>\n\n<h2>EU dispute resolution<\/h2>\n<p>The European Commission provides a platform for online dispute resolution (ODR): <a href=\"https:\/\/ec.europa.eu\/consumers\/odr\/\" target=\"_blank\" rel=\"noopener noreferrer\">https:\/\/ec.europa.eu\/consumers\/odr\/<\/a>.<br \/> Our e-mail address can be found above in the site notice.<\/p>\n\n<h2>Dispute resolution proceedings in front of a consumer arbitration board<\/h2>\n<p>We are not willing or obliged to participate in dispute resolution proceedings in front of a consumer arbitration board.<\/p><\/div>\n\t<\/div>\n<\/div>\n\n\n\n<div class=\"divider-wrap\" data-alignment=\"default\"><div style=\"height: 128px;\" class=\"divider\"><\/div><\/div>\n\t\t\t<\/div> \n\t\t<\/div>\n\t<\/div> \n<\/div><\/div>","protected":false},"excerpt":{"rendered":"Site Notice Information pursuant to Sect. 5 German Telemedia Act (TMG) IAMDS GmbH Heininger Str. 6 94036 Passau Commercial Register: HRB 10734 Registration court: Amtsgericht Passau Represented by: Patrick Tkalcic...","protected":false},"author":7,"featured_media":0,"parent":0,"menu_order":0,"comment_status":"closed","ping_status":"closed","template":"","meta":{"footnotes":""},"folder":[38],"class_list":["post-7828","page","type-page","status-publish"],"yoast_head":"<!-- This site is optimized with the Yoast SEO plugin v27.4 - https:\/\/yoast.com\/product\/yoast-seo-wordpress\/ -->\n<title>Imprint - IAMDS<\/title>\n<meta name=\"description\" content=\"Hey!wir sind IAMDS! Seit 2016 stehen wir f\u00fcr Innovation, gepaart mit einer soliden Portion Kreativit\u00e4t und tiefgreifendem technischen Verst\u00e4ndnis. Unser Ansatz ist einfach: Wir sind nicht nur Dienstleister; als Partner begleiten wir unsere Kunden vom ersten Brainstorming bis zur finalen Code-Zeile. Unsere Crew? Jung, dynamisch und ideenreich. Wir investieren in die kontinuierliche Weiterentwicklung unseres Teams, um sicherzustellen, dass wir die Projekte unserer Kunden mit den fortschrittlichsten Technologien und Methoden umsetzten k\u00f6nnen. Was uns antreibt? Der Wunsch, Software nicht nur zu entwickeln, sondern sie zu einem Erlebnis zu machen, das begeistert. Wir glauben an effiziente L\u00f6sungen und daran, dass die besten Ans\u00e4tze oft die sind, die man gemeinsam erarbeitet. Bei IAMDS bauen wir nicht nur Software. Wir gestalten digitale Erfahrungen, die begeistern und langfristigen Wert schaffen. Willkommen in der Zukunft der Softwareentwicklung \u2013 willkommen bei IAMDS!\" \/>\n<meta name=\"robots\" content=\"index, follow, max-snippet:-1, max-image-preview:large, max-video-preview:-1\" \/>\n<link rel=\"canonical\" href=\"https:\/\/iamds.com\/en\/imprint\/\" \/>\n<meta property=\"og:locale\" content=\"en_GB\" \/>\n<meta property=\"og:type\" content=\"article\" \/>\n<meta property=\"og:title\" content=\"Imprint - IAMDS\" \/>\n<meta property=\"og:description\" content=\"Hey!wir sind IAMDS! Seit 2016 stehen wir f\u00fcr Innovation, gepaart mit einer soliden Portion Kreativit\u00e4t und tiefgreifendem technischen Verst\u00e4ndnis. Unser Ansatz ist einfach: Wir sind nicht nur Dienstleister; als Partner begleiten wir unsere Kunden vom ersten Brainstorming bis zur finalen Code-Zeile. Unsere Crew? Jung, dynamisch und ideenreich. Wir investieren in die kontinuierliche Weiterentwicklung unseres Teams, um sicherzustellen, dass wir die Projekte unserer Kunden mit den fortschrittlichsten Technologien und Methoden umsetzten k\u00f6nnen. Was uns antreibt? Der Wunsch, Software nicht nur zu entwickeln, sondern sie zu einem Erlebnis zu machen, das begeistert. Wir glauben an effiziente L\u00f6sungen und daran, dass die besten Ans\u00e4tze oft die sind, die man gemeinsam erarbeitet. Bei IAMDS bauen wir nicht nur Software. Wir gestalten digitale Erfahrungen, die begeistern und langfristigen Wert schaffen. Willkommen in der Zukunft der Softwareentwicklung \u2013 willkommen bei IAMDS!\" \/>\n<meta property=\"og:url\" content=\"https:\/\/iamds.com\/en\/imprint\/\" \/>\n<meta property=\"og:site_name\" content=\"IAMDS\" \/>\n<meta property=\"article:modified_time\" content=\"2024-07-25T10:36:45+00:00\" \/>\n<meta name=\"twitter:card\" content=\"summary_large_image\" \/>\n<meta name=\"twitter:label1\" content=\"Estimated reading time\" \/>\n\t<meta name=\"twitter:data1\" content=\"1 minute\" \/>\n<script type=\"application\/ld+json\" class=\"yoast-schema-graph\">{\"@context\":\"https:\\\/\\\/schema.org\",\"@graph\":[{\"@type\":\"WebPage\",\"@id\":\"https:\\\/\\\/iamds.com\\\/imprint\\\/\",\"url\":\"https:\\\/\\\/iamds.com\\\/imprint\\\/\",\"name\":\"Imprint - IAMDS\",\"isPartOf\":{\"@id\":\"https:\\\/\\\/iamds.com\\\/#website\"},\"datePublished\":\"2024-01-17T09:12:07+00:00\",\"dateModified\":\"2024-07-25T10:36:45+00:00\",\"description\":\"Hey!wir sind IAMDS! Seit 2016 stehen wir f\u00fcr Innovation, gepaart mit einer soliden Portion Kreativit\u00e4t und tiefgreifendem technischen Verst\u00e4ndnis. Unser Ansatz ist einfach: Wir sind nicht nur Dienstleister; als Partner begleiten wir unsere Kunden vom ersten Brainstorming bis zur finalen Code-Zeile. Unsere Crew? Jung, dynamisch und ideenreich. Wir investieren in die kontinuierliche Weiterentwicklung unseres Teams, um sicherzustellen, dass wir die Projekte unserer Kunden mit den fortschrittlichsten Technologien und Methoden umsetzten k\u00f6nnen. Was uns antreibt? Der Wunsch, Software nicht nur zu entwickeln, sondern sie zu einem Erlebnis zu machen, das begeistert. Wir glauben an effiziente L\u00f6sungen und daran, dass die besten Ans\u00e4tze oft die sind, die man gemeinsam erarbeitet. Bei IAMDS bauen wir nicht nur Software. Wir gestalten digitale Erfahrungen, die begeistern und langfristigen Wert schaffen. Willkommen in der Zukunft der Softwareentwicklung \u2013 willkommen bei IAMDS!\",\"breadcrumb\":{\"@id\":\"https:\\\/\\\/iamds.com\\\/imprint\\\/#breadcrumb\"},\"inLanguage\":\"en-GB\",\"potentialAction\":[{\"@type\":\"ReadAction\",\"target\":[\"https:\\\/\\\/iamds.com\\\/imprint\\\/\"]}]},{\"@type\":\"BreadcrumbList\",\"@id\":\"https:\\\/\\\/iamds.com\\\/imprint\\\/#breadcrumb\",\"itemListElement\":[{\"@type\":\"ListItem\",\"position\":1,\"name\":\"Startseite\",\"item\":\"https:\\\/\\\/iamds.com\\\/\"},{\"@type\":\"ListItem\",\"position\":2,\"name\":\"Imprint\"}]},{\"@type\":\"WebSite\",\"@id\":\"https:\\\/\\\/iamds.com\\\/#website\",\"url\":\"https:\\\/\\\/iamds.com\\\/\",\"name\":\"IAMDS\",\"description\":\"I am Data Solution\",\"publisher\":{\"@id\":\"https:\\\/\\\/iamds.com\\\/#organization\"},\"potentialAction\":[{\"@type\":\"SearchAction\",\"target\":{\"@type\":\"EntryPoint\",\"urlTemplate\":\"https:\\\/\\\/iamds.com\\\/?s={search_term_string}\"},\"query-input\":{\"@type\":\"PropertyValueSpecification\",\"valueRequired\":true,\"valueName\":\"search_term_string\"}}],\"inLanguage\":\"en-GB\"},{\"@type\":\"Organization\",\"@id\":\"https:\\\/\\\/iamds.com\\\/#organization\",\"name\":\"IAMDS GmbH\",\"url\":\"https:\\\/\\\/iamds.com\\\/\",\"logo\":{\"@type\":\"ImageObject\",\"inLanguage\":\"en-GB\",\"@id\":\"https:\\\/\\\/iamds.com\\\/#\\\/schema\\\/logo\\\/image\\\/\",\"url\":\"https:\\\/\\\/iamds.com\\\/wp-content\\\/uploads\\\/2020\\\/01\\\/iamds_logo_schwarz.png\",\"contentUrl\":\"https:\\\/\\\/iamds.com\\\/wp-content\\\/uploads\\\/2020\\\/01\\\/iamds_logo_schwarz.png\",\"width\":700,\"height\":231,\"caption\":\"IAMDS GmbH\"},\"image\":{\"@id\":\"https:\\\/\\\/iamds.com\\\/#\\\/schema\\\/logo\\\/image\\\/\"},\"sameAs\":[\"https:\\\/\\\/www.instagram.com\\\/iamds.de\\\/?ref=P80926400E\",\"https:\\\/\\\/de.linkedin.com\\\/company\\\/iamds-gmbh\"]}]}<\/script>\n<!-- \/ Yoast SEO plugin. -->","yoast_head_json":{"title":"Imprint - IAMDS","description":"Hey!wir sind IAMDS! Seit 2016 stehen wir f\u00fcr Innovation, gepaart mit einer soliden Portion Kreativit\u00e4t und tiefgreifendem technischen Verst\u00e4ndnis. Unser Ansatz ist einfach: Wir sind nicht nur Dienstleister; als Partner begleiten wir unsere Kunden vom ersten Brainstorming bis zur finalen Code-Zeile. Unsere Crew? Jung, dynamisch und ideenreich. Wir investieren in die kontinuierliche Weiterentwicklung unseres Teams, um sicherzustellen, dass wir die Projekte unserer Kunden mit den fortschrittlichsten Technologien und Methoden umsetzten k\u00f6nnen. Was uns antreibt? Der Wunsch, Software nicht nur zu entwickeln, sondern sie zu einem Erlebnis zu machen, das begeistert. Wir glauben an effiziente L\u00f6sungen und daran, dass die besten Ans\u00e4tze oft die sind, die man gemeinsam erarbeitet. Bei IAMDS bauen wir nicht nur Software. Wir gestalten digitale Erfahrungen, die begeistern und langfristigen Wert schaffen. Willkommen in der Zukunft der Softwareentwicklung \u2013 willkommen bei IAMDS!","robots":{"index":"index","follow":"follow","max-snippet":"max-snippet:-1","max-image-preview":"max-image-preview:large","max-video-preview":"max-video-preview:-1"},"canonical":"https:\/\/iamds.com\/en\/imprint\/","og_locale":"en_GB","og_type":"article","og_title":"Imprint - IAMDS","og_description":"Hey!wir sind IAMDS! Seit 2016 stehen wir f\u00fcr Innovation, gepaart mit einer soliden Portion Kreativit\u00e4t und tiefgreifendem technischen Verst\u00e4ndnis. Unser Ansatz ist einfach: Wir sind nicht nur Dienstleister; als Partner begleiten wir unsere Kunden vom ersten Brainstorming bis zur finalen Code-Zeile. Unsere Crew? Jung, dynamisch und ideenreich. Wir investieren in die kontinuierliche Weiterentwicklung unseres Teams, um sicherzustellen, dass wir die Projekte unserer Kunden mit den fortschrittlichsten Technologien und Methoden umsetzten k\u00f6nnen. Was uns antreibt? Der Wunsch, Software nicht nur zu entwickeln, sondern sie zu einem Erlebnis zu machen, das begeistert. Wir glauben an effiziente L\u00f6sungen und daran, dass die besten Ans\u00e4tze oft die sind, die man gemeinsam erarbeitet. Bei IAMDS bauen wir nicht nur Software. Wir gestalten digitale Erfahrungen, die begeistern und langfristigen Wert schaffen. Willkommen in der Zukunft der Softwareentwicklung \u2013 willkommen bei IAMDS!","og_url":"https:\/\/iamds.com\/en\/imprint\/","og_site_name":"IAMDS","article_modified_time":"2024-07-25T10:36:45+00:00","twitter_card":"summary_large_image","twitter_misc":{"Estimated reading time":"1 minute"},"schema":{"@context":"https:\/\/schema.org","@graph":[{"@type":"WebPage","@id":"https:\/\/iamds.com\/imprint\/","url":"https:\/\/iamds.com\/imprint\/","name":"Imprint - IAMDS","isPartOf":{"@id":"https:\/\/iamds.com\/#website"},"datePublished":"2024-01-17T09:12:07+00:00","dateModified":"2024-07-25T10:36:45+00:00","description":"Hey!wir sind IAMDS! Seit 2016 stehen wir f\u00fcr Innovation, gepaart mit einer soliden Portion Kreativit\u00e4t und tiefgreifendem technischen Verst\u00e4ndnis. Unser Ansatz ist einfach: Wir sind nicht nur Dienstleister; als Partner begleiten wir unsere Kunden vom ersten Brainstorming bis zur finalen Code-Zeile. Unsere Crew? Jung, dynamisch und ideenreich. Wir investieren in die kontinuierliche Weiterentwicklung unseres Teams, um sicherzustellen, dass wir die Projekte unserer Kunden mit den fortschrittlichsten Technologien und Methoden umsetzten k\u00f6nnen. Was uns antreibt? Der Wunsch, Software nicht nur zu entwickeln, sondern sie zu einem Erlebnis zu machen, das begeistert. Wir glauben an effiziente L\u00f6sungen und daran, dass die besten Ans\u00e4tze oft die sind, die man gemeinsam erarbeitet. Bei IAMDS bauen wir nicht nur Software. Wir gestalten digitale Erfahrungen, die begeistern und langfristigen Wert schaffen. Willkommen in der Zukunft der Softwareentwicklung \u2013 willkommen bei IAMDS!","breadcrumb":{"@id":"https:\/\/iamds.com\/imprint\/#breadcrumb"},"inLanguage":"en-GB","potentialAction":[{"@type":"ReadAction","target":["https:\/\/iamds.com\/imprint\/"]}]},{"@type":"BreadcrumbList","@id":"https:\/\/iamds.com\/imprint\/#breadcrumb","itemListElement":[{"@type":"ListItem","position":1,"name":"Startseite","item":"https:\/\/iamds.com\/"},{"@type":"ListItem","position":2,"name":"Imprint"}]},{"@type":"WebSite","@id":"https:\/\/iamds.com\/#website","url":"https:\/\/iamds.com\/","name":"IAMDS","description":"I am Data Solution","publisher":{"@id":"https:\/\/iamds.com\/#organization"},"potentialAction":[{"@type":"SearchAction","target":{"@type":"EntryPoint","urlTemplate":"https:\/\/iamds.com\/?s={search_term_string}"},"query-input":{"@type":"PropertyValueSpecification","valueRequired":true,"valueName":"search_term_string"}}],"inLanguage":"en-GB"},{"@type":"Organization","@id":"https:\/\/iamds.com\/#organization","name":"IAMDS GmbH","url":"https:\/\/iamds.com\/","logo":{"@type":"ImageObject","inLanguage":"en-GB","@id":"https:\/\/iamds.com\/#\/schema\/logo\/image\/","url":"https:\/\/iamds.com\/wp-content\/uploads\/2020\/01\/iamds_logo_schwarz.png","contentUrl":"https:\/\/iamds.com\/wp-content\/uploads\/2020\/01\/iamds_logo_schwarz.png","width":700,"height":231,"caption":"IAMDS GmbH"},"image":{"@id":"https:\/\/iamds.com\/#\/schema\/logo\/image\/"},"sameAs":["https:\/\/www.instagram.com\/iamds.de\/?ref=P80926400E","https:\/\/de.linkedin.com\/company\/iamds-gmbh"]}]}},"_links":{"self":[{"href":"https:\/\/iamds.com\/en\/wp-json\/wp\/v2\/pages\/7828","targetHints":{"allow":["GET"]}}],"collection":[{"href":"https:\/\/iamds.com\/en\/wp-json\/wp\/v2\/pages"}],"about":[{"href":"https:\/\/iamds.com\/en\/wp-json\/wp\/v2\/types\/page"}],"author":[{"embeddable":true,"href":"https:\/\/iamds.com\/en\/wp-json\/wp\/v2\/users\/7"}],"replies":[{"embeddable":true,"href":"https:\/\/iamds.com\/en\/wp-json\/wp\/v2\/comments?post=7828"}],"version-history":[{"count":3,"href":"https:\/\/iamds.com\/en\/wp-json\/wp\/v2\/pages\/7828\/revisions"}],"predecessor-version":[{"id":8226,"href":"https:\/\/iamds.com\/en\/wp-json\/wp\/v2\/pages\/7828\/revisions\/8226"}],"wp:attachment":[{"href":"https:\/\/iamds.com\/en\/wp-json\/wp\/v2\/media?parent=7828"}],"wp:term":[{"taxonomy":"folder","embeddable":true,"href":"https:\/\/iamds.com\/en\/wp-json\/wp\/v2\/folder?post=7828"}],"curies":[{"name":"wp","href":"https:\/\/api.w.org\/{rel}","templated":true}]}}