
{"id":7863,"date":"2024-02-20T17:12:13","date_gmt":"2024-02-20T17:12:13","guid":{"rendered":"https:\/\/iamds.com\/?page_id=7863"},"modified":"2025-05-25T17:49:37","modified_gmt":"2025-05-25T17:49:37","slug":"solution-architecture","status":"publish","type":"page","link":"https:\/\/iamds.com\/en\/solution-architecture\/","title":{"rendered":"Solution Architecture"},"content":{"rendered":"<div id=\"video-bg-animation-right\"  data-column-margin=\"default\" data-midnight=\"dark\"  class=\"wpb_row vc_row-fluid vc_row parallax_section top_padding_phone_64px\"  style=\"padding-top: 128px; padding-bottom: 128px; \"><div class=\"row-bg-wrap\" data-bg-animation=\"none\" data-bg-animation-delay=\"\" data-bg-overlay=\"false\"><div class=\"inner-wrap row-bg-layer\" ><div class=\"row-bg viewport-desktop\" data-parallax-speed=\"fast\" style=\"\"><\/div><\/div><\/div>\n\t\t\t<div class=\"video-color-overlay row-bg-layer\" data-color=\"\"><\/div>\n\t\t\t\n\t\t\t<div class=\"nectar-video-wrap row-bg-layer\" data-bg-alignment=\"\">\n\t\t\t\t<div class=\"nectar-video-inner\">\n\t\t\t\t<video class=\"nectar-video-bg\" width=\"1800\" height=\"700\" preload=\"auto\" loop autoplay muted playsinline><source src=\"https:\/\/iamds.com\/wp-content\/uploads\/2024\/02\/IAMDS_Header_Animation_Solution_Architecture.mp4\"  type=\"video\/mp4\"><\/video>    \t\t<\/div>\n\t\t\t <\/div>\n\n\t\t\t<div class=\"row_col_wrap_12 col span_12 dark left\">\n\t<div  class=\"vc_col-sm-12 wpb_column column_container vc_column_container col has-animation no-extra-padding inherit_tablet inherit_phone\"  data-padding-pos=\"all\" data-has-bg-color=\"false\" data-bg-color=\"\" data-bg-opacity=\"1\" data-animation=\"fade-in\" data-delay=\"0\" >\n\t\t<div class=\"vc_column-inner\" >\n\t\t\t<div class=\"wpb_wrapper\">\n\t\t\t\t<div id=\"fws_69e616b936096\" data-midnight=\"\" data-column-margin=\"default\" class=\"wpb_row vc_row-fluid vc_row inner_row vc_row-o-equal-height vc_row-flex vc_row-o-content-middle\"  style=\"\"><div class=\"row-bg-wrap\"> <div class=\"row-bg\" ><\/div> <\/div><div class=\"row_col_wrap_12_inner col span_12  left\">\n\t<div  class=\"vc_col-sm-5 vc_col-xs-12 wpb_column column_container vc_column_container col child_column no-extra-padding inherit_tablet inherit_phone\"   data-padding-pos=\"all\" data-has-bg-color=\"false\" data-bg-color=\"\" data-bg-opacity=\"1\" data-animation=\"\" data-delay=\"0\" >\n\t\t<div class=\"vc_column-inner\" >\n\t\t<div class=\"wpb_wrapper\">\n\t\t\t\n<div class=\"wpb_text_column wpb_content_element  vc_custom_1707580806202\" >\n\t<div class=\"wpb_wrapper\">\n\t\t<h5><span class=\"TextRun SCXW167219544 BCX2\" lang=\"DE-DE\" xml:lang=\"DE-DE\" data-contrast=\"auto\"><span class=\"NormalTextRun SCXW167219544 BCX2\">FROM THE IDEA TO THE SOLUTION<\/span><\/span><\/h5>\n\t<\/div>\n<\/div>\n\n\n\n<div class=\"nectar-highlighted-text\" data-style=\"half_text\" data-exp=\"default\" data-using-custom-color=\"true\" data-animation-delay=\"false\" data-color=\"#ff1053\" data-color-gradient=\"\" style=\"\"><h2 class=\"translation-block\">Future-proof concepts for your IT landscape<\/h2>\n<\/div>\n<div class=\"wpb_text_column wpb_content_element\" style=\" max-width: 550px; display: inline-block;\">\n\t<div class=\"wpb_wrapper\">\n\t\t<div class=\"wpb_text_column wpb_content_element vc_custom_1631675355065\">\n<p class=\"translation-block\">We attach great importance to working closely with our customers to analyse their specific business requirements and objectives. Based on this, we design customised concepts that create a robust foundation for the success of your projects. Our focus is on efficiency, scalability and future-orientation to ensure sustainable value creation. Through our consulting services, we identify and develop optimal solutions that are specifically designed to effectively support the digital transformation of your company. With us, you and your vision take centre stage - together we design the IT solutions of tomorrow.<\/p>\n<\/div>\n\t<\/div>\n<\/div>\n\n\n\n<div class=\"divider-wrap\" data-alignment=\"default\"><div style=\"height: 25px;\" class=\"divider\"><\/div><\/div><a class=\"nectar-button large regular extra-color-1 has-icon  regular-button\"  role=\"button\" style=\"\" target=\"_blank\" href=\"https:\/\/calendly.com\/kontakt-iamds\/30min\" data-color-override=\"false\" data-hover-color-override=\"false\" data-hover-text-color-override=\"#fff\"><span>Request free consultation now<\/span><i  class=\"icon-button-arrow\"><\/i><\/a>\n\t\t<\/div> \n\t<\/div>\n\t<\/div> \n\n\t<div  class=\"vc_col-sm-1 vc_hidden-sm vc_hidden-xs wpb_column column_container vc_column_container col child_column no-extra-padding inherit_tablet inherit_phone\"   data-padding-pos=\"all\" data-has-bg-color=\"false\" data-bg-color=\"\" data-bg-opacity=\"1\" data-animation=\"\" data-delay=\"0\" >\n\t\t<div class=\"vc_column-inner\" >\n\t\t<div class=\"wpb_wrapper\">\n\t\t\t\n\t\t<\/div> \n\t<\/div>\n\t<\/div> \n\n\t<div  class=\"vc_col-sm-6 wpb_column column_container vc_column_container col child_column no-extra-padding inherit_tablet inherit_phone\"   data-padding-pos=\"all\" data-has-bg-color=\"false\" data-bg-color=\"\" data-bg-opacity=\"1\" data-animation=\"\" data-delay=\"0\" >\n\t\t<div class=\"vc_column-inner\" >\n\t\t<div class=\"wpb_wrapper\">\n\t\t\t\n\t\t<\/div> \n\t<\/div>\n\t<\/div> \n<\/div><\/div>\n\t\t\t<\/div> \n\t\t<\/div>\n\t<\/div> \n<\/div><\/div>","protected":false},"excerpt":{"rendered":"VON DER IDEE ZUR L\u00d6SUNG Zukunftsf\u00e4hige Konzepte f\u00fcr Ihre IT-Landschaft Wir legen gro\u00dfen Wert darauf, in enger Zusammenarbeit mit unseren Kunden deren spezifische Gesch\u00e4ftsanforderungen und Ziele zu ergr\u00fcnden. Auf Basis...","protected":false},"author":7,"featured_media":0,"parent":0,"menu_order":0,"comment_status":"closed","ping_status":"closed","template":"","meta":{"footnotes":""},"folder":[35],"class_list":["post-7863","page","type-page","status-publish"],"yoast_head":"<!-- This site is optimized with the Yoast SEO plugin v27.4 - https:\/\/yoast.com\/product\/yoast-seo-wordpress\/ -->\n<title>Solution Architecture - IAMDS<\/title>\n<meta name=\"description\" content=\"Unser Beraterteam aus IT-Fachexperten unterst\u00fctzt Sie tatkr\u00e4ftig \u2013 von der Konzeption bis hin zur Markteinf\u00fchrung Ihres Projekts.\" \/>\n<meta name=\"robots\" content=\"index, follow, max-snippet:-1, max-image-preview:large, max-video-preview:-1\" \/>\n<link rel=\"canonical\" href=\"https:\/\/iamds.com\/en\/solution-architecture\/\" \/>\n<meta property=\"og:locale\" content=\"en_GB\" \/>\n<meta property=\"og:type\" content=\"article\" \/>\n<meta property=\"og:title\" content=\"Solution Architecture - IAMDS\" \/>\n<meta property=\"og:description\" content=\"Unser Beraterteam aus IT-Fachexperten unterst\u00fctzt Sie tatkr\u00e4ftig \u2013 von der Konzeption bis hin zur Markteinf\u00fchrung Ihres Projekts.\" \/>\n<meta property=\"og:url\" content=\"https:\/\/iamds.com\/en\/solution-architecture\/\" \/>\n<meta property=\"og:site_name\" content=\"IAMDS\" \/>\n<meta property=\"article:modified_time\" content=\"2025-05-25T17:49:37+00:00\" \/>\n<meta name=\"twitter:card\" content=\"summary_large_image\" \/>\n<meta name=\"twitter:label1\" content=\"Estimated reading time\" \/>\n\t<meta name=\"twitter:data1\" content=\"9 minutes\" \/>\n<script type=\"application\/ld+json\" class=\"yoast-schema-graph\">{\"@context\":\"https:\\\/\\\/schema.org\",\"@graph\":[{\"@type\":\"WebPage\",\"@id\":\"https:\\\/\\\/iamds.com\\\/solution-architecture\\\/\",\"url\":\"https:\\\/\\\/iamds.com\\\/solution-architecture\\\/\",\"name\":\"Solution Architecture - IAMDS\",\"isPartOf\":{\"@id\":\"https:\\\/\\\/iamds.com\\\/#website\"},\"datePublished\":\"2024-02-20T17:12:13+00:00\",\"dateModified\":\"2025-05-25T17:49:37+00:00\",\"description\":\"Unser Beraterteam aus IT-Fachexperten unterst\u00fctzt Sie tatkr\u00e4ftig \u2013 von der Konzeption bis hin zur Markteinf\u00fchrung Ihres Projekts.\",\"breadcrumb\":{\"@id\":\"https:\\\/\\\/iamds.com\\\/solution-architecture\\\/#breadcrumb\"},\"inLanguage\":\"en-GB\",\"potentialAction\":[{\"@type\":\"ReadAction\",\"target\":[\"https:\\\/\\\/iamds.com\\\/solution-architecture\\\/\"]}]},{\"@type\":\"BreadcrumbList\",\"@id\":\"https:\\\/\\\/iamds.com\\\/solution-architecture\\\/#breadcrumb\",\"itemListElement\":[{\"@type\":\"ListItem\",\"position\":1,\"name\":\"Startseite\",\"item\":\"https:\\\/\\\/iamds.com\\\/\"},{\"@type\":\"ListItem\",\"position\":2,\"name\":\"Solution Architecture\"}]},{\"@type\":\"WebSite\",\"@id\":\"https:\\\/\\\/iamds.com\\\/#website\",\"url\":\"https:\\\/\\\/iamds.com\\\/\",\"name\":\"IAMDS\",\"description\":\"I am Data Solution\",\"publisher\":{\"@id\":\"https:\\\/\\\/iamds.com\\\/#organization\"},\"potentialAction\":[{\"@type\":\"SearchAction\",\"target\":{\"@type\":\"EntryPoint\",\"urlTemplate\":\"https:\\\/\\\/iamds.com\\\/?s={search_term_string}\"},\"query-input\":{\"@type\":\"PropertyValueSpecification\",\"valueRequired\":true,\"valueName\":\"search_term_string\"}}],\"inLanguage\":\"en-GB\"},{\"@type\":\"Organization\",\"@id\":\"https:\\\/\\\/iamds.com\\\/#organization\",\"name\":\"IAMDS GmbH\",\"url\":\"https:\\\/\\\/iamds.com\\\/\",\"logo\":{\"@type\":\"ImageObject\",\"inLanguage\":\"en-GB\",\"@id\":\"https:\\\/\\\/iamds.com\\\/#\\\/schema\\\/logo\\\/image\\\/\",\"url\":\"https:\\\/\\\/iamds.com\\\/wp-content\\\/uploads\\\/2020\\\/01\\\/iamds_logo_schwarz.png\",\"contentUrl\":\"https:\\\/\\\/iamds.com\\\/wp-content\\\/uploads\\\/2020\\\/01\\\/iamds_logo_schwarz.png\",\"width\":700,\"height\":231,\"caption\":\"IAMDS GmbH\"},\"image\":{\"@id\":\"https:\\\/\\\/iamds.com\\\/#\\\/schema\\\/logo\\\/image\\\/\"},\"sameAs\":[\"https:\\\/\\\/www.instagram.com\\\/iamds.de\\\/?ref=P80926400E\",\"https:\\\/\\\/de.linkedin.com\\\/company\\\/iamds-gmbh\"]}]}<\/script>\n<!-- \/ Yoast SEO plugin. -->","yoast_head_json":{"title":"Solution Architecture - IAMDS","description":"Unser Beraterteam aus IT-Fachexperten unterst\u00fctzt Sie tatkr\u00e4ftig \u2013 von der Konzeption bis hin zur Markteinf\u00fchrung Ihres Projekts.","robots":{"index":"index","follow":"follow","max-snippet":"max-snippet:-1","max-image-preview":"max-image-preview:large","max-video-preview":"max-video-preview:-1"},"canonical":"https:\/\/iamds.com\/en\/solution-architecture\/","og_locale":"en_GB","og_type":"article","og_title":"Solution Architecture - IAMDS","og_description":"Unser Beraterteam aus IT-Fachexperten unterst\u00fctzt Sie tatkr\u00e4ftig \u2013 von der Konzeption bis hin zur Markteinf\u00fchrung Ihres Projekts.","og_url":"https:\/\/iamds.com\/en\/solution-architecture\/","og_site_name":"IAMDS","article_modified_time":"2025-05-25T17:49:37+00:00","twitter_card":"summary_large_image","twitter_misc":{"Estimated reading time":"9 minutes"},"schema":{"@context":"https:\/\/schema.org","@graph":[{"@type":"WebPage","@id":"https:\/\/iamds.com\/solution-architecture\/","url":"https:\/\/iamds.com\/solution-architecture\/","name":"Solution Architecture - IAMDS","isPartOf":{"@id":"https:\/\/iamds.com\/#website"},"datePublished":"2024-02-20T17:12:13+00:00","dateModified":"2025-05-25T17:49:37+00:00","description":"Unser Beraterteam aus IT-Fachexperten unterst\u00fctzt Sie tatkr\u00e4ftig \u2013 von der Konzeption bis hin zur Markteinf\u00fchrung Ihres Projekts.","breadcrumb":{"@id":"https:\/\/iamds.com\/solution-architecture\/#breadcrumb"},"inLanguage":"en-GB","potentialAction":[{"@type":"ReadAction","target":["https:\/\/iamds.com\/solution-architecture\/"]}]},{"@type":"BreadcrumbList","@id":"https:\/\/iamds.com\/solution-architecture\/#breadcrumb","itemListElement":[{"@type":"ListItem","position":1,"name":"Startseite","item":"https:\/\/iamds.com\/"},{"@type":"ListItem","position":2,"name":"Solution Architecture"}]},{"@type":"WebSite","@id":"https:\/\/iamds.com\/#website","url":"https:\/\/iamds.com\/","name":"IAMDS","description":"I am Data Solution","publisher":{"@id":"https:\/\/iamds.com\/#organization"},"potentialAction":[{"@type":"SearchAction","target":{"@type":"EntryPoint","urlTemplate":"https:\/\/iamds.com\/?s={search_term_string}"},"query-input":{"@type":"PropertyValueSpecification","valueRequired":true,"valueName":"search_term_string"}}],"inLanguage":"en-GB"},{"@type":"Organization","@id":"https:\/\/iamds.com\/#organization","name":"IAMDS GmbH","url":"https:\/\/iamds.com\/","logo":{"@type":"ImageObject","inLanguage":"en-GB","@id":"https:\/\/iamds.com\/#\/schema\/logo\/image\/","url":"https:\/\/iamds.com\/wp-content\/uploads\/2020\/01\/iamds_logo_schwarz.png","contentUrl":"https:\/\/iamds.com\/wp-content\/uploads\/2020\/01\/iamds_logo_schwarz.png","width":700,"height":231,"caption":"IAMDS GmbH"},"image":{"@id":"https:\/\/iamds.com\/#\/schema\/logo\/image\/"},"sameAs":["https:\/\/www.instagram.com\/iamds.de\/?ref=P80926400E","https:\/\/de.linkedin.com\/company\/iamds-gmbh"]}]}},"_links":{"self":[{"href":"https:\/\/iamds.com\/en\/wp-json\/wp\/v2\/pages\/7863","targetHints":{"allow":["GET"]}}],"collection":[{"href":"https:\/\/iamds.com\/en\/wp-json\/wp\/v2\/pages"}],"about":[{"href":"https:\/\/iamds.com\/en\/wp-json\/wp\/v2\/types\/page"}],"author":[{"embeddable":true,"href":"https:\/\/iamds.com\/en\/wp-json\/wp\/v2\/users\/7"}],"replies":[{"embeddable":true,"href":"https:\/\/iamds.com\/en\/wp-json\/wp\/v2\/comments?post=7863"}],"version-history":[{"count":7,"href":"https:\/\/iamds.com\/en\/wp-json\/wp\/v2\/pages\/7863\/revisions"}],"predecessor-version":[{"id":8316,"href":"https:\/\/iamds.com\/en\/wp-json\/wp\/v2\/pages\/7863\/revisions\/8316"}],"wp:attachment":[{"href":"https:\/\/iamds.com\/en\/wp-json\/wp\/v2\/media?parent=7863"}],"wp:term":[{"taxonomy":"folder","embeddable":true,"href":"https:\/\/iamds.com\/en\/wp-json\/wp\/v2\/folder?post=7863"}],"curies":[{"name":"wp","href":"https:\/\/api.w.org\/{rel}","templated":true}]}}