
{"id":7865,"date":"2024-02-20T17:12:03","date_gmt":"2024-02-20T17:12:03","guid":{"rendered":"https:\/\/iamds.com\/?page_id=7865"},"modified":"2025-05-25T17:49:18","modified_gmt":"2025-05-25T17:49:18","slug":"software-cloud-architecture","status":"publish","type":"page","link":"https:\/\/iamds.com\/en\/software-cloud-architecture\/","title":{"rendered":"Software &#038; Cloud Architecture"},"content":{"rendered":"<div id=\"video-bg-animation-right\"  data-column-margin=\"default\" data-midnight=\"dark\"  class=\"wpb_row vc_row-fluid vc_row parallax_section top_padding_phone_64px\"  style=\"padding-top: 128px; padding-bottom: 128px; \"><div class=\"row-bg-wrap\" data-bg-animation=\"none\" data-bg-animation-delay=\"\" data-bg-overlay=\"false\"><div class=\"inner-wrap row-bg-layer\" ><div class=\"row-bg viewport-desktop\" data-parallax-speed=\"fast\" style=\"\"><\/div><\/div><\/div>\n\t\t\t<div class=\"video-color-overlay row-bg-layer\" data-color=\"\"><\/div>\n\t\t\t\n\t\t\t<div class=\"nectar-video-wrap row-bg-layer\" data-bg-alignment=\"\">\n\t\t\t\t<div class=\"nectar-video-inner\">\n\t\t\t\t<video class=\"nectar-video-bg\" width=\"1800\" height=\"700\" preload=\"auto\" loop autoplay muted playsinline><source src=\"https:\/\/iamds.com\/wp-content\/uploads\/2024\/02\/IAMDS_Header_Animation_Software_and_Cloud_Architecture.mp4\"  type=\"video\/mp4\"><\/video>    \t\t<\/div>\n\t\t\t <\/div>\n\n\t\t\t<div class=\"row_col_wrap_12 col span_12 dark left\">\n\t<div  class=\"vc_col-sm-12 wpb_column column_container vc_column_container col has-animation no-extra-padding inherit_tablet inherit_phone\"  data-padding-pos=\"all\" data-has-bg-color=\"false\" data-bg-color=\"\" data-bg-opacity=\"1\" data-animation=\"fade-in\" data-delay=\"0\" >\n\t\t<div class=\"vc_column-inner\" >\n\t\t\t<div class=\"wpb_wrapper\">\n\t\t\t\t<div id=\"fws_69e5d1f00e56c\" data-midnight=\"\" data-column-margin=\"default\" class=\"wpb_row vc_row-fluid vc_row inner_row vc_row-o-equal-height vc_row-flex vc_row-o-content-middle\"  style=\"\"><div class=\"row-bg-wrap\"> <div class=\"row-bg\" ><\/div> <\/div><div class=\"row_col_wrap_12_inner col span_12  left\">\n\t<div  class=\"vc_col-sm-5 vc_col-xs-12 wpb_column column_container vc_column_container col child_column no-extra-padding inherit_tablet inherit_phone\"   data-padding-pos=\"all\" data-has-bg-color=\"false\" data-bg-color=\"\" data-bg-opacity=\"1\" data-animation=\"\" data-delay=\"0\" >\n\t\t<div class=\"vc_column-inner\" >\n\t\t<div class=\"wpb_wrapper\">\n\t\t\t\n<div class=\"wpb_text_column wpb_content_element  vc_custom_1707580930614\" >\n\t<div class=\"wpb_wrapper\">\n\t\t<h5><span class=\"TextRun SCXW167219544 BCX2\" lang=\"DE-DE\" xml:lang=\"DE-DE\" data-contrast=\"auto\"><span class=\"NormalTextRun SCXW167219544 BCX2\"><span class=\"TextRun SCXW11288382 BCX2\" lang=\"DE-DE\" xml:lang=\"DE-DE\" data-contrast=\"auto\"><span class=\"NormalTextRun SCXW11288382 BCX2\">ARCHITECTURE WORK IS IMPORTANT<\/span><\/span><\/span><\/span><\/h5>\n\t<\/div>\n<\/div>\n\n\n\n<div class=\"nectar-highlighted-text\" data-style=\"half_text\" data-exp=\"default\" data-using-custom-color=\"true\" data-animation-delay=\"false\" data-color=\"#ff1053\" data-color-gradient=\"\" style=\"\"><h2><span class=\"TextRun SCXW63441407 BCX2\" lang=\"DE-DE\" xml:lang=\"DE-DE\" data-contrast=\"auto\"><span class=\"NormalTextRun SCXW63441407 BCX2\"><span class=\"TextRun SCXW198961445 BCX2\" lang=\"DE-DE\" xml:lang=\"DE-DE\" data-contrast=\"auto\"><span class=\"NormalTextRun SCXW198961445 BCX2\"><span class=\"TextRun SCXW107780232 BCX2\" lang=\"DE-DE\" xml:lang=\"DE-DE\" data-contrast=\"auto\"><span class=\"NormalTextRun SCXW107780232 BCX2\">A well-designed software architecture saves countless development hours<\/span><\/span><\/span><\/span><\/span><\/span><\/h2>\n<\/div>\n<div class=\"wpb_text_column wpb_content_element\" style=\" max-width: 550px; display: inline-block;\">\n\t<div class=\"wpb_wrapper\">\n\t\t<div class=\"wpb_text_column wpb_content_element vc_custom_1631675355065\">\n<p class=\"translation-block\">Technology is evolving faster than ever before and you need to keep pace. Achieve measurably higher scalability, performance and cost savings by developing a resilient software and cloud architecture. Our team of architects is here to support you, whether it's implementing a new project or re-architecting an existing system, including cloud integrations.<\/p>\n<\/div>\n\t<\/div>\n<\/div>\n\n\n\n<div class=\"divider-wrap\" data-alignment=\"default\"><div style=\"height: 25px;\" class=\"divider\"><\/div><\/div><a class=\"nectar-button large regular extra-color-1 has-icon  regular-button\"  role=\"button\" style=\"\" target=\"_blank\" href=\"https:\/\/calendly.com\/kontakt-iamds\/30min\" data-color-override=\"false\" data-hover-color-override=\"false\" data-hover-text-color-override=\"#fff\"><span>Request free consultation now<\/span><i  class=\"icon-button-arrow\"><\/i><\/a>\n\t\t<\/div> \n\t<\/div>\n\t<\/div> \n\n\t<div  class=\"vc_col-sm-1 vc_hidden-sm vc_hidden-xs wpb_column column_container vc_column_container col child_column no-extra-padding inherit_tablet inherit_phone\"   data-padding-pos=\"all\" data-has-bg-color=\"false\" data-bg-color=\"\" data-bg-opacity=\"1\" data-animation=\"\" data-delay=\"0\" >\n\t\t<div class=\"vc_column-inner\" >\n\t\t<div class=\"wpb_wrapper\">\n\t\t\t\n\t\t<\/div> \n\t<\/div>\n\t<\/div> \n\n\t<div  class=\"vc_col-sm-6 wpb_column column_container vc_column_container col child_column no-extra-padding inherit_tablet inherit_phone\"   data-padding-pos=\"all\" data-has-bg-color=\"false\" data-bg-color=\"\" data-bg-opacity=\"1\" data-animation=\"\" data-delay=\"0\" >\n\t\t<div class=\"vc_column-inner\" >\n\t\t<div class=\"wpb_wrapper\">\n\t\t\t\n\t\t<\/div> \n\t<\/div>\n\t<\/div> \n<\/div><\/div>\n\t\t\t<\/div> \n\t\t<\/div>\n\t<\/div> \n<\/div><\/div>","protected":false},"excerpt":{"rendered":"ARCHITEKTURARBEIT IST WICHTIG Eine gut durchdachte Software-Architektur spart unz\u00e4hlige Entwicklungsstunden Die Technologie entwickelt sich schneller als je zuvor, und Sie m\u00fcssen Schritt halten. Erreichen Sie eine messbar h\u00f6here Skalierbarkeit, Leistung...","protected":false},"author":7,"featured_media":0,"parent":0,"menu_order":0,"comment_status":"closed","ping_status":"closed","template":"","meta":{"footnotes":""},"folder":[35],"class_list":["post-7865","page","type-page","status-publish"],"yoast_head":"<!-- This site is optimized with the Yoast SEO plugin v27.4 - https:\/\/yoast.com\/product\/yoast-seo-wordpress\/ -->\n<title>Software &amp; Cloud Architecture - IAMDS<\/title>\n<meta name=\"description\" content=\"Unser Beraterteam aus IT-Fachexperten unterst\u00fctzt Sie tatkr\u00e4ftig \u2013 von der Konzeption bis hin zur Markteinf\u00fchrung Ihres Projekts.\" \/>\n<meta name=\"robots\" content=\"index, follow, max-snippet:-1, max-image-preview:large, max-video-preview:-1\" \/>\n<link rel=\"canonical\" href=\"https:\/\/iamds.com\/en\/software-cloud-architecture\/\" \/>\n<meta property=\"og:locale\" content=\"en_GB\" \/>\n<meta property=\"og:type\" content=\"article\" \/>\n<meta property=\"og:title\" content=\"Software &amp; Cloud Architecture - IAMDS\" \/>\n<meta property=\"og:description\" content=\"Unser Beraterteam aus IT-Fachexperten unterst\u00fctzt Sie tatkr\u00e4ftig \u2013 von der Konzeption bis hin zur Markteinf\u00fchrung Ihres Projekts.\" \/>\n<meta property=\"og:url\" content=\"https:\/\/iamds.com\/en\/software-cloud-architecture\/\" \/>\n<meta property=\"og:site_name\" content=\"IAMDS\" \/>\n<meta property=\"article:modified_time\" content=\"2025-05-25T17:49:18+00:00\" \/>\n<meta name=\"twitter:card\" content=\"summary_large_image\" \/>\n<meta name=\"twitter:label1\" content=\"Estimated reading time\" \/>\n\t<meta name=\"twitter:data1\" content=\"8 minutes\" \/>\n<script type=\"application\/ld+json\" class=\"yoast-schema-graph\">{\"@context\":\"https:\\\/\\\/schema.org\",\"@graph\":[{\"@type\":\"WebPage\",\"@id\":\"https:\\\/\\\/iamds.com\\\/software-cloud-architecture\\\/\",\"url\":\"https:\\\/\\\/iamds.com\\\/software-cloud-architecture\\\/\",\"name\":\"Software & Cloud Architecture - IAMDS\",\"isPartOf\":{\"@id\":\"https:\\\/\\\/iamds.com\\\/#website\"},\"datePublished\":\"2024-02-20T17:12:03+00:00\",\"dateModified\":\"2025-05-25T17:49:18+00:00\",\"description\":\"Unser Beraterteam aus IT-Fachexperten unterst\u00fctzt Sie tatkr\u00e4ftig \u2013 von der Konzeption bis hin zur Markteinf\u00fchrung Ihres Projekts.\",\"breadcrumb\":{\"@id\":\"https:\\\/\\\/iamds.com\\\/software-cloud-architecture\\\/#breadcrumb\"},\"inLanguage\":\"en-GB\",\"potentialAction\":[{\"@type\":\"ReadAction\",\"target\":[\"https:\\\/\\\/iamds.com\\\/software-cloud-architecture\\\/\"]}]},{\"@type\":\"BreadcrumbList\",\"@id\":\"https:\\\/\\\/iamds.com\\\/software-cloud-architecture\\\/#breadcrumb\",\"itemListElement\":[{\"@type\":\"ListItem\",\"position\":1,\"name\":\"Startseite\",\"item\":\"https:\\\/\\\/iamds.com\\\/\"},{\"@type\":\"ListItem\",\"position\":2,\"name\":\"Software &#038; Cloud Architecture\"}]},{\"@type\":\"WebSite\",\"@id\":\"https:\\\/\\\/iamds.com\\\/#website\",\"url\":\"https:\\\/\\\/iamds.com\\\/\",\"name\":\"IAMDS\",\"description\":\"I am Data Solution\",\"publisher\":{\"@id\":\"https:\\\/\\\/iamds.com\\\/#organization\"},\"potentialAction\":[{\"@type\":\"SearchAction\",\"target\":{\"@type\":\"EntryPoint\",\"urlTemplate\":\"https:\\\/\\\/iamds.com\\\/?s={search_term_string}\"},\"query-input\":{\"@type\":\"PropertyValueSpecification\",\"valueRequired\":true,\"valueName\":\"search_term_string\"}}],\"inLanguage\":\"en-GB\"},{\"@type\":\"Organization\",\"@id\":\"https:\\\/\\\/iamds.com\\\/#organization\",\"name\":\"IAMDS GmbH\",\"url\":\"https:\\\/\\\/iamds.com\\\/\",\"logo\":{\"@type\":\"ImageObject\",\"inLanguage\":\"en-GB\",\"@id\":\"https:\\\/\\\/iamds.com\\\/#\\\/schema\\\/logo\\\/image\\\/\",\"url\":\"https:\\\/\\\/iamds.com\\\/wp-content\\\/uploads\\\/2020\\\/01\\\/iamds_logo_schwarz.png\",\"contentUrl\":\"https:\\\/\\\/iamds.com\\\/wp-content\\\/uploads\\\/2020\\\/01\\\/iamds_logo_schwarz.png\",\"width\":700,\"height\":231,\"caption\":\"IAMDS GmbH\"},\"image\":{\"@id\":\"https:\\\/\\\/iamds.com\\\/#\\\/schema\\\/logo\\\/image\\\/\"},\"sameAs\":[\"https:\\\/\\\/www.instagram.com\\\/iamds.de\\\/?ref=P80926400E\",\"https:\\\/\\\/de.linkedin.com\\\/company\\\/iamds-gmbh\"]}]}<\/script>\n<!-- \/ Yoast SEO plugin. -->","yoast_head_json":{"title":"Software & Cloud Architecture - IAMDS","description":"Unser Beraterteam aus IT-Fachexperten unterst\u00fctzt Sie tatkr\u00e4ftig \u2013 von der Konzeption bis hin zur Markteinf\u00fchrung Ihres Projekts.","robots":{"index":"index","follow":"follow","max-snippet":"max-snippet:-1","max-image-preview":"max-image-preview:large","max-video-preview":"max-video-preview:-1"},"canonical":"https:\/\/iamds.com\/en\/software-cloud-architecture\/","og_locale":"en_GB","og_type":"article","og_title":"Software & Cloud Architecture - IAMDS","og_description":"Unser Beraterteam aus IT-Fachexperten unterst\u00fctzt Sie tatkr\u00e4ftig \u2013 von der Konzeption bis hin zur Markteinf\u00fchrung Ihres Projekts.","og_url":"https:\/\/iamds.com\/en\/software-cloud-architecture\/","og_site_name":"IAMDS","article_modified_time":"2025-05-25T17:49:18+00:00","twitter_card":"summary_large_image","twitter_misc":{"Estimated reading time":"8 minutes"},"schema":{"@context":"https:\/\/schema.org","@graph":[{"@type":"WebPage","@id":"https:\/\/iamds.com\/software-cloud-architecture\/","url":"https:\/\/iamds.com\/software-cloud-architecture\/","name":"Software & Cloud Architecture - IAMDS","isPartOf":{"@id":"https:\/\/iamds.com\/#website"},"datePublished":"2024-02-20T17:12:03+00:00","dateModified":"2025-05-25T17:49:18+00:00","description":"Unser Beraterteam aus IT-Fachexperten unterst\u00fctzt Sie tatkr\u00e4ftig \u2013 von der Konzeption bis hin zur Markteinf\u00fchrung Ihres Projekts.","breadcrumb":{"@id":"https:\/\/iamds.com\/software-cloud-architecture\/#breadcrumb"},"inLanguage":"en-GB","potentialAction":[{"@type":"ReadAction","target":["https:\/\/iamds.com\/software-cloud-architecture\/"]}]},{"@type":"BreadcrumbList","@id":"https:\/\/iamds.com\/software-cloud-architecture\/#breadcrumb","itemListElement":[{"@type":"ListItem","position":1,"name":"Startseite","item":"https:\/\/iamds.com\/"},{"@type":"ListItem","position":2,"name":"Software &#038; Cloud Architecture"}]},{"@type":"WebSite","@id":"https:\/\/iamds.com\/#website","url":"https:\/\/iamds.com\/","name":"IAMDS","description":"I am Data Solution","publisher":{"@id":"https:\/\/iamds.com\/#organization"},"potentialAction":[{"@type":"SearchAction","target":{"@type":"EntryPoint","urlTemplate":"https:\/\/iamds.com\/?s={search_term_string}"},"query-input":{"@type":"PropertyValueSpecification","valueRequired":true,"valueName":"search_term_string"}}],"inLanguage":"en-GB"},{"@type":"Organization","@id":"https:\/\/iamds.com\/#organization","name":"IAMDS GmbH","url":"https:\/\/iamds.com\/","logo":{"@type":"ImageObject","inLanguage":"en-GB","@id":"https:\/\/iamds.com\/#\/schema\/logo\/image\/","url":"https:\/\/iamds.com\/wp-content\/uploads\/2020\/01\/iamds_logo_schwarz.png","contentUrl":"https:\/\/iamds.com\/wp-content\/uploads\/2020\/01\/iamds_logo_schwarz.png","width":700,"height":231,"caption":"IAMDS GmbH"},"image":{"@id":"https:\/\/iamds.com\/#\/schema\/logo\/image\/"},"sameAs":["https:\/\/www.instagram.com\/iamds.de\/?ref=P80926400E","https:\/\/de.linkedin.com\/company\/iamds-gmbh"]}]}},"_links":{"self":[{"href":"https:\/\/iamds.com\/en\/wp-json\/wp\/v2\/pages\/7865","targetHints":{"allow":["GET"]}}],"collection":[{"href":"https:\/\/iamds.com\/en\/wp-json\/wp\/v2\/pages"}],"about":[{"href":"https:\/\/iamds.com\/en\/wp-json\/wp\/v2\/types\/page"}],"author":[{"embeddable":true,"href":"https:\/\/iamds.com\/en\/wp-json\/wp\/v2\/users\/7"}],"replies":[{"embeddable":true,"href":"https:\/\/iamds.com\/en\/wp-json\/wp\/v2\/comments?post=7865"}],"version-history":[{"count":8,"href":"https:\/\/iamds.com\/en\/wp-json\/wp\/v2\/pages\/7865\/revisions"}],"predecessor-version":[{"id":8315,"href":"https:\/\/iamds.com\/en\/wp-json\/wp\/v2\/pages\/7865\/revisions\/8315"}],"wp:attachment":[{"href":"https:\/\/iamds.com\/en\/wp-json\/wp\/v2\/media?parent=7865"}],"wp:term":[{"taxonomy":"folder","embeddable":true,"href":"https:\/\/iamds.com\/en\/wp-json\/wp\/v2\/folder?post=7865"}],"curies":[{"name":"wp","href":"https:\/\/api.w.org\/{rel}","templated":true}]}}