
{"id":7938,"date":"2024-02-20T17:11:57","date_gmt":"2024-02-20T17:11:57","guid":{"rendered":"https:\/\/iamds.com\/?page_id=7938"},"modified":"2024-06-06T11:38:53","modified_gmt":"2024-06-06T11:38:53","slug":"kontakt","status":"publish","type":"page","link":"https:\/\/iamds.com\/en\/kontakt\/","title":{"rendered":"Contact"},"content":{"rendered":"\n\t\t<div id=\"fws_69e5bcbad131d\"  data-column-margin=\"default\" data-midnight=\"dark\"  class=\"wpb_row vc_row-fluid vc_row  top_padding_phone_64px\"  style=\"padding-top: 128px; padding-bottom: 128px; \"><div class=\"row-bg-wrap\" data-bg-animation=\"none\" data-bg-animation-delay=\"\" data-bg-overlay=\"false\"><div class=\"inner-wrap row-bg-layer\" ><div class=\"row-bg viewport-desktop\"  style=\"\"><\/div><\/div><\/div><div class=\"row_col_wrap_12 col span_12 dark left\">\n\t<div  class=\"vc_col-sm-3 wpb_column column_container vc_column_container col no-extra-padding inherit_tablet inherit_phone \"  data-padding-pos=\"all\" data-has-bg-color=\"false\" data-bg-color=\"\" data-bg-opacity=\"1\" data-animation=\"\" data-delay=\"0\" >\n\t\t<div class=\"vc_column-inner\" >\n\t\t\t<div class=\"wpb_wrapper\">\n\t\t\t\t\n\t\t\t<\/div> \n\t\t<\/div>\n\t<\/div> \n\n\t<div  class=\"vc_col-sm-6 wpb_column column_container vc_column_container col no-extra-padding inherit_tablet inherit_phone \"  data-padding-pos=\"all\" data-has-bg-color=\"false\" data-bg-color=\"\" data-bg-opacity=\"1\" data-animation=\"\" data-delay=\"0\" >\n\t\t<div class=\"vc_column-inner\" >\n\t\t\t<div class=\"wpb_wrapper\">\n\t\t\t\t\n<div class=\"wpb_text_column wpb_content_element \" >\n\t<div class=\"wpb_wrapper\">\n\t\t\n<div class=\"wpcf7 no-js\" id=\"wpcf7-f7875-o1\" lang=\"de-DE\" dir=\"ltr\" data-wpcf7-id=\"7875\">\n<div class=\"screen-reader-response\"><p role=\"status\" aria-live=\"polite\" aria-atomic=\"true\"><\/p> <ul><\/ul><\/div>\n<form action=\"\/en\/wp-json\/wp\/v2\/pages\/7938#wpcf7-f7875-o1\" method=\"post\" class=\"wpcf7-form init\" id=\"iamds-contact-form\" aria-label=\"Kontaktformular\" novalidate=\"novalidate\" data-status=\"init\">\n<fieldset class=\"hidden-fields-container\"><input type=\"hidden\" name=\"_wpcf7\" value=\"7875\" \/><input type=\"hidden\" name=\"_wpcf7_version\" value=\"6.1.5\" \/><input type=\"hidden\" name=\"_wpcf7_locale\" value=\"de_DE\" \/><input type=\"hidden\" name=\"_wpcf7_unit_tag\" value=\"wpcf7-f7875-o1\" \/><input type=\"hidden\" name=\"_wpcf7_container_post\" value=\"0\" \/><input type=\"hidden\" name=\"_wpcf7_posted_data_hash\" value=\"\" \/><input type=\"hidden\" name=\"_wpcf7cf_hidden_group_fields\" value=\"[]\" \/><input type=\"hidden\" name=\"_wpcf7cf_hidden_groups\" value=\"[]\" \/><input type=\"hidden\" name=\"_wpcf7cf_visible_groups\" value=\"[]\" \/><input type=\"hidden\" name=\"_wpcf7cf_repeaters\" value=\"[]\" \/><input type=\"hidden\" name=\"_wpcf7cf_steps\" value=\"{}\" \/><input type=\"hidden\" name=\"_wpcf7cf_options\" value=\"{&quot;form_id&quot;:7875,&quot;conditions&quot;:[{&quot;then_field&quot;:&quot;SupportQuiz&quot;,&quot;and_rules&quot;:[{&quot;if_field&quot;:&quot;contact-reason&quot;,&quot;operator&quot;:&quot;equals&quot;,&quot;if_value&quot;:&quot;Support&quot;}]},{&quot;then_field&quot;:&quot;NormalQuiz&quot;,&quot;and_rules&quot;:[{&quot;if_field&quot;:&quot;contact-reason&quot;,&quot;operator&quot;:&quot;not equals&quot;,&quot;if_value&quot;:&quot;Support&quot;}]}],&quot;settings&quot;:{&quot;animation&quot;:&quot;yes&quot;,&quot;animation_intime&quot;:200,&quot;animation_outtime&quot;:200,&quot;conditions_ui&quot;:&quot;normal&quot;,&quot;notice_dismissed&quot;:false}}\" \/>\n<\/fieldset>\n<p><label> Name *<br \/>\n<span class=\"wpcf7-form-control-wrap\" data-name=\"contact-name\"><input size=\"40\" maxlength=\"400\" class=\"wpcf7-form-control wpcf7-text wpcf7-validates-as-required\" autocomplete=\"name\" aria-required=\"true\" aria-invalid=\"false\" value=\"\" type=\"text\" name=\"contact-name\" \/><\/span> <\/label>\n<\/p>\n<p><label> E-Mail-Adresse *<br \/>\n<span class=\"wpcf7-form-control-wrap\" data-name=\"contact-email\"><input size=\"40\" maxlength=\"400\" class=\"wpcf7-form-control wpcf7-email wpcf7-validates-as-required wpcf7-text wpcf7-validates-as-email\" autocomplete=\"email\" aria-required=\"true\" aria-invalid=\"false\" value=\"\" type=\"email\" name=\"contact-email\" \/><\/span> <\/label>\n<\/p>\n<p><label> Telefon<br \/>\n<span class=\"wpcf7-form-control-wrap\" data-name=\"contact-telephone\"><input size=\"40\" maxlength=\"400\" class=\"wpcf7-form-control wpcf7-tel wpcf7-text wpcf7-validates-as-tel\" aria-invalid=\"false\" value=\"\" type=\"tel\" name=\"contact-telephone\" \/><\/span> <\/label>\n<\/p>\n<p><label><br \/>\nBetreff *<br \/>\n<span class=\"wpcf7-form-control-wrap\" data-name=\"contact-reason\"><select class=\"wpcf7-form-control wpcf7-select wpcf7-validates-as-required\" aria-required=\"true\" aria-invalid=\"false\" name=\"contact-reason\"><option value=\"Allgemeine Anfrage\">Allgemeine Anfrage<\/option><option value=\"Bude kaufen\">Bude kaufen<\/option><option value=\"Auf an Kaffee\">Auf an Kaffee<\/option><option value=\"Tischtennisturnier\">Tischtennisturnier<\/option><option value=\"Support\">Support<\/option><\/select><\/span> <\/label>\n<\/p>\n<p><label> Nachricht *<br \/>\n<span class=\"wpcf7-form-control-wrap\" data-name=\"contact-message\"><textarea cols=\"40\" rows=\"10\" maxlength=\"2000\" class=\"wpcf7-form-control wpcf7-textarea wpcf7-validates-as-required\" aria-required=\"true\" aria-invalid=\"false\" name=\"contact-message\"><\/textarea><\/span> <\/label>\n<\/p>\n<div data-id=\"NormalQuiz\" data-orig_data_id=\"NormalQuiz\"  class=\"\" data-class=\"wpcf7cf_group\">\n\t<p><span class=\"wpcf7-form-control-wrap\" data-name=\"quiz-326\"><label><span class=\"wpcf7-quiz-label\">2 + 1 = ?<\/span> <input size=\"40\" class=\"wpcf7-form-control wpcf7-quiz\" autocomplete=\"off\" aria-required=\"true\" aria-invalid=\"false\" type=\"text\" name=\"quiz-326\" \/><\/label><input type=\"hidden\" name=\"_wpcf7_quiz_answer_quiz-326\" value=\"f045730106a4f7a6b366794c14a53764\" \/><\/span>\n\t<\/p>\n<\/div>\n<div data-id=\"SupportQuiz\" data-orig_data_id=\"SupportQuiz\"  class=\"\" data-class=\"wpcf7cf_group\">\n\t<p><span class=\"wpcf7-form-control-wrap\" data-name=\"support-quiz\"><label><span class=\"wpcf7-quiz-label\">L\u00f6sen Sie folgende Gleichung nach x<\/span> <input size=\"40\" class=\"wpcf7-form-control wpcf7-quiz\" autocomplete=\"off\" aria-required=\"true\" aria-invalid=\"false\" type=\"text\" name=\"support-quiz\" \/><\/label><input type=\"hidden\" name=\"_wpcf7_quiz_answer_support-quiz\" value=\"70f24ee4c3a86a5c5e5a0e8451055b7a\" \/><\/span><img decoding=\"async\" src=\"\/wp-content\/uploads\/2024\/06\/gleichung_support.png\" \/>\n\t<\/p>\n<\/div>\n<p><span class=\"wpcf7-form-control-wrap\" data-name=\"contact-dsgvo\"><span class=\"wpcf7-form-control wpcf7-acceptance\"><span class=\"wpcf7-list-item\"><label><input type=\"checkbox\" name=\"contact-dsgvo\" value=\"1\" aria-invalid=\"false\" \/><span class=\"wpcf7-list-item-label\">Ich erkl\u00e4re mich mit der Verarbeitung der eingegebenen Daten sowie der <a href='https:\/\/iamds.com\/datenschutz\/'>Datenschutzerkl\u00e4rung<\/a> einverstanden. *<\/span><\/label><\/span><\/span><\/span>\n<\/p>\n<p>* Pflichtfeld\n<\/p>\n<p><input class=\"wpcf7-form-control wpcf7-submit has-spinner\" type=\"submit\" value=\"SENDEN\" \/>\n<\/p><div class=\"wpcf7-response-output\" aria-hidden=\"true\"><\/div>\n<\/form>\n<\/div>\n\n\t<\/div>\n<\/div>\n\n\n\n\n\t\t\t<\/div> \n\t\t<\/div>\n\t<\/div> \n\n\t<div  class=\"vc_col-sm-3 wpb_column column_container vc_column_container col no-extra-padding inherit_tablet inherit_phone \"  data-padding-pos=\"all\" data-has-bg-color=\"false\" data-bg-color=\"\" data-bg-opacity=\"1\" data-animation=\"\" data-delay=\"0\" >\n\t\t<div class=\"vc_column-inner\" >\n\t\t\t<div class=\"wpb_wrapper\">\n\t\t\t\t\n\t\t\t<\/div> \n\t\t<\/div>\n\t<\/div> \n<\/div><\/div>\n","protected":false},"excerpt":{"rendered":"Name * E-Mail-Adresse * Telefon Betreff * Allgemeine AnfrageBude kaufenAuf an KaffeeTischtennisturnierSupport Nachricht * 1 + 2 = ? L\u00f6sen Sie folgende Gleichung nach x Ich erkl\u00e4re mich mit der...","protected":false},"author":7,"featured_media":0,"parent":0,"menu_order":0,"comment_status":"closed","ping_status":"closed","template":"","meta":{"footnotes":""},"folder":[31],"class_list":["post-7938","page","type-page","status-publish"],"yoast_head":"<!-- This site is optimized with the Yoast SEO plugin v27.4 - https:\/\/yoast.com\/product\/yoast-seo-wordpress\/ -->\n<title>Kontakt - IAMDS<\/title>\n<meta name=\"description\" content=\"Hey!wir sind IAMDS! Seit 2016 stehen wir f\u00fcr Innovation, gepaart mit einer soliden Portion Kreativit\u00e4t und tiefgreifendem technischen Verst\u00e4ndnis. Unser Ansatz ist einfach: Wir sind nicht nur Dienstleister; als Partner begleiten wir unsere Kunden vom ersten Brainstorming bis zur finalen Code-Zeile. Unsere Crew? Jung, dynamisch und ideenreich. Wir investieren in die kontinuierliche Weiterentwicklung unseres Teams, um sicherzustellen, dass wir die Projekte unserer Kunden mit den fortschrittlichsten Technologien und Methoden umsetzten k\u00f6nnen. Was uns antreibt? Der Wunsch, Software nicht nur zu entwickeln, sondern sie zu einem Erlebnis zu machen, das begeistert. Wir glauben an effiziente L\u00f6sungen und daran, dass die besten Ans\u00e4tze oft die sind, die man gemeinsam erarbeitet. Bei IAMDS bauen wir nicht nur Software. Wir gestalten digitale Erfahrungen, die begeistern und langfristigen Wert schaffen. Willkommen in der Zukunft der Softwareentwicklung \u2013 willkommen bei IAMDS!\" \/>\n<meta name=\"robots\" content=\"index, follow, max-snippet:-1, max-image-preview:large, max-video-preview:-1\" \/>\n<link rel=\"canonical\" href=\"https:\/\/iamds.com\/en\/kontakt\/\" \/>\n<meta property=\"og:locale\" content=\"en_GB\" \/>\n<meta property=\"og:type\" content=\"article\" \/>\n<meta property=\"og:title\" content=\"Kontakt - IAMDS\" \/>\n<meta property=\"og:description\" content=\"Hey!wir sind IAMDS! Seit 2016 stehen wir f\u00fcr Innovation, gepaart mit einer soliden Portion Kreativit\u00e4t und tiefgreifendem technischen Verst\u00e4ndnis. Unser Ansatz ist einfach: Wir sind nicht nur Dienstleister; als Partner begleiten wir unsere Kunden vom ersten Brainstorming bis zur finalen Code-Zeile. Unsere Crew? Jung, dynamisch und ideenreich. Wir investieren in die kontinuierliche Weiterentwicklung unseres Teams, um sicherzustellen, dass wir die Projekte unserer Kunden mit den fortschrittlichsten Technologien und Methoden umsetzten k\u00f6nnen. Was uns antreibt? Der Wunsch, Software nicht nur zu entwickeln, sondern sie zu einem Erlebnis zu machen, das begeistert. Wir glauben an effiziente L\u00f6sungen und daran, dass die besten Ans\u00e4tze oft die sind, die man gemeinsam erarbeitet. Bei IAMDS bauen wir nicht nur Software. Wir gestalten digitale Erfahrungen, die begeistern und langfristigen Wert schaffen. Willkommen in der Zukunft der Softwareentwicklung \u2013 willkommen bei IAMDS!\" \/>\n<meta property=\"og:url\" content=\"https:\/\/iamds.com\/en\/kontakt\/\" \/>\n<meta property=\"og:site_name\" content=\"IAMDS\" \/>\n<meta property=\"article:modified_time\" content=\"2024-06-06T11:38:53+00:00\" \/>\n<meta name=\"twitter:card\" content=\"summary_large_image\" \/>\n<meta name=\"twitter:label1\" content=\"Estimated reading time\" \/>\n\t<meta name=\"twitter:data1\" content=\"2 minutes\" \/>\n<script type=\"application\/ld+json\" class=\"yoast-schema-graph\">{\"@context\":\"https:\\\/\\\/schema.org\",\"@graph\":[{\"@type\":\"WebPage\",\"@id\":\"https:\\\/\\\/iamds.com\\\/kontakt\\\/\",\"url\":\"https:\\\/\\\/iamds.com\\\/kontakt\\\/\",\"name\":\"Kontakt - IAMDS\",\"isPartOf\":{\"@id\":\"https:\\\/\\\/iamds.com\\\/#website\"},\"datePublished\":\"2024-02-20T17:11:57+00:00\",\"dateModified\":\"2024-06-06T11:38:53+00:00\",\"description\":\"Hey!wir sind IAMDS! Seit 2016 stehen wir f\u00fcr Innovation, gepaart mit einer soliden Portion Kreativit\u00e4t und tiefgreifendem technischen Verst\u00e4ndnis. Unser Ansatz ist einfach: Wir sind nicht nur Dienstleister; als Partner begleiten wir unsere Kunden vom ersten Brainstorming bis zur finalen Code-Zeile. Unsere Crew? Jung, dynamisch und ideenreich. Wir investieren in die kontinuierliche Weiterentwicklung unseres Teams, um sicherzustellen, dass wir die Projekte unserer Kunden mit den fortschrittlichsten Technologien und Methoden umsetzten k\u00f6nnen. Was uns antreibt? Der Wunsch, Software nicht nur zu entwickeln, sondern sie zu einem Erlebnis zu machen, das begeistert. Wir glauben an effiziente L\u00f6sungen und daran, dass die besten Ans\u00e4tze oft die sind, die man gemeinsam erarbeitet. Bei IAMDS bauen wir nicht nur Software. Wir gestalten digitale Erfahrungen, die begeistern und langfristigen Wert schaffen. Willkommen in der Zukunft der Softwareentwicklung \u2013 willkommen bei IAMDS!\",\"breadcrumb\":{\"@id\":\"https:\\\/\\\/iamds.com\\\/kontakt\\\/#breadcrumb\"},\"inLanguage\":\"en-GB\",\"potentialAction\":[{\"@type\":\"ReadAction\",\"target\":[\"https:\\\/\\\/iamds.com\\\/kontakt\\\/\"]}]},{\"@type\":\"BreadcrumbList\",\"@id\":\"https:\\\/\\\/iamds.com\\\/kontakt\\\/#breadcrumb\",\"itemListElement\":[{\"@type\":\"ListItem\",\"position\":1,\"name\":\"Startseite\",\"item\":\"https:\\\/\\\/iamds.com\\\/\"},{\"@type\":\"ListItem\",\"position\":2,\"name\":\"Kontakt\"}]},{\"@type\":\"WebSite\",\"@id\":\"https:\\\/\\\/iamds.com\\\/#website\",\"url\":\"https:\\\/\\\/iamds.com\\\/\",\"name\":\"IAMDS\",\"description\":\"I am Data Solution\",\"publisher\":{\"@id\":\"https:\\\/\\\/iamds.com\\\/#organization\"},\"potentialAction\":[{\"@type\":\"SearchAction\",\"target\":{\"@type\":\"EntryPoint\",\"urlTemplate\":\"https:\\\/\\\/iamds.com\\\/?s={search_term_string}\"},\"query-input\":{\"@type\":\"PropertyValueSpecification\",\"valueRequired\":true,\"valueName\":\"search_term_string\"}}],\"inLanguage\":\"en-GB\"},{\"@type\":\"Organization\",\"@id\":\"https:\\\/\\\/iamds.com\\\/#organization\",\"name\":\"IAMDS GmbH\",\"url\":\"https:\\\/\\\/iamds.com\\\/\",\"logo\":{\"@type\":\"ImageObject\",\"inLanguage\":\"en-GB\",\"@id\":\"https:\\\/\\\/iamds.com\\\/#\\\/schema\\\/logo\\\/image\\\/\",\"url\":\"https:\\\/\\\/iamds.com\\\/wp-content\\\/uploads\\\/2020\\\/01\\\/iamds_logo_schwarz.png\",\"contentUrl\":\"https:\\\/\\\/iamds.com\\\/wp-content\\\/uploads\\\/2020\\\/01\\\/iamds_logo_schwarz.png\",\"width\":700,\"height\":231,\"caption\":\"IAMDS GmbH\"},\"image\":{\"@id\":\"https:\\\/\\\/iamds.com\\\/#\\\/schema\\\/logo\\\/image\\\/\"},\"sameAs\":[\"https:\\\/\\\/www.instagram.com\\\/iamds.de\\\/?ref=P80926400E\",\"https:\\\/\\\/de.linkedin.com\\\/company\\\/iamds-gmbh\"]}]}<\/script>\n<!-- \/ Yoast SEO plugin. -->","yoast_head_json":{"title":"Kontakt - IAMDS","description":"Hey!wir sind IAMDS! Seit 2016 stehen wir f\u00fcr Innovation, gepaart mit einer soliden Portion Kreativit\u00e4t und tiefgreifendem technischen Verst\u00e4ndnis. Unser Ansatz ist einfach: Wir sind nicht nur Dienstleister; als Partner begleiten wir unsere Kunden vom ersten Brainstorming bis zur finalen Code-Zeile. Unsere Crew? Jung, dynamisch und ideenreich. Wir investieren in die kontinuierliche Weiterentwicklung unseres Teams, um sicherzustellen, dass wir die Projekte unserer Kunden mit den fortschrittlichsten Technologien und Methoden umsetzten k\u00f6nnen. Was uns antreibt? Der Wunsch, Software nicht nur zu entwickeln, sondern sie zu einem Erlebnis zu machen, das begeistert. Wir glauben an effiziente L\u00f6sungen und daran, dass die besten Ans\u00e4tze oft die sind, die man gemeinsam erarbeitet. Bei IAMDS bauen wir nicht nur Software. Wir gestalten digitale Erfahrungen, die begeistern und langfristigen Wert schaffen. Willkommen in der Zukunft der Softwareentwicklung \u2013 willkommen bei IAMDS!","robots":{"index":"index","follow":"follow","max-snippet":"max-snippet:-1","max-image-preview":"max-image-preview:large","max-video-preview":"max-video-preview:-1"},"canonical":"https:\/\/iamds.com\/en\/kontakt\/","og_locale":"en_GB","og_type":"article","og_title":"Kontakt - IAMDS","og_description":"Hey!wir sind IAMDS! Seit 2016 stehen wir f\u00fcr Innovation, gepaart mit einer soliden Portion Kreativit\u00e4t und tiefgreifendem technischen Verst\u00e4ndnis. Unser Ansatz ist einfach: Wir sind nicht nur Dienstleister; als Partner begleiten wir unsere Kunden vom ersten Brainstorming bis zur finalen Code-Zeile. Unsere Crew? Jung, dynamisch und ideenreich. Wir investieren in die kontinuierliche Weiterentwicklung unseres Teams, um sicherzustellen, dass wir die Projekte unserer Kunden mit den fortschrittlichsten Technologien und Methoden umsetzten k\u00f6nnen. Was uns antreibt? Der Wunsch, Software nicht nur zu entwickeln, sondern sie zu einem Erlebnis zu machen, das begeistert. Wir glauben an effiziente L\u00f6sungen und daran, dass die besten Ans\u00e4tze oft die sind, die man gemeinsam erarbeitet. Bei IAMDS bauen wir nicht nur Software. Wir gestalten digitale Erfahrungen, die begeistern und langfristigen Wert schaffen. Willkommen in der Zukunft der Softwareentwicklung \u2013 willkommen bei IAMDS!","og_url":"https:\/\/iamds.com\/en\/kontakt\/","og_site_name":"IAMDS","article_modified_time":"2024-06-06T11:38:53+00:00","twitter_card":"summary_large_image","twitter_misc":{"Estimated reading time":"2 minutes"},"schema":{"@context":"https:\/\/schema.org","@graph":[{"@type":"WebPage","@id":"https:\/\/iamds.com\/kontakt\/","url":"https:\/\/iamds.com\/kontakt\/","name":"Kontakt - IAMDS","isPartOf":{"@id":"https:\/\/iamds.com\/#website"},"datePublished":"2024-02-20T17:11:57+00:00","dateModified":"2024-06-06T11:38:53+00:00","description":"Hey!wir sind IAMDS! Seit 2016 stehen wir f\u00fcr Innovation, gepaart mit einer soliden Portion Kreativit\u00e4t und tiefgreifendem technischen Verst\u00e4ndnis. Unser Ansatz ist einfach: Wir sind nicht nur Dienstleister; als Partner begleiten wir unsere Kunden vom ersten Brainstorming bis zur finalen Code-Zeile. Unsere Crew? Jung, dynamisch und ideenreich. Wir investieren in die kontinuierliche Weiterentwicklung unseres Teams, um sicherzustellen, dass wir die Projekte unserer Kunden mit den fortschrittlichsten Technologien und Methoden umsetzten k\u00f6nnen. Was uns antreibt? Der Wunsch, Software nicht nur zu entwickeln, sondern sie zu einem Erlebnis zu machen, das begeistert. Wir glauben an effiziente L\u00f6sungen und daran, dass die besten Ans\u00e4tze oft die sind, die man gemeinsam erarbeitet. Bei IAMDS bauen wir nicht nur Software. Wir gestalten digitale Erfahrungen, die begeistern und langfristigen Wert schaffen. Willkommen in der Zukunft der Softwareentwicklung \u2013 willkommen bei IAMDS!","breadcrumb":{"@id":"https:\/\/iamds.com\/kontakt\/#breadcrumb"},"inLanguage":"en-GB","potentialAction":[{"@type":"ReadAction","target":["https:\/\/iamds.com\/kontakt\/"]}]},{"@type":"BreadcrumbList","@id":"https:\/\/iamds.com\/kontakt\/#breadcrumb","itemListElement":[{"@type":"ListItem","position":1,"name":"Startseite","item":"https:\/\/iamds.com\/"},{"@type":"ListItem","position":2,"name":"Kontakt"}]},{"@type":"WebSite","@id":"https:\/\/iamds.com\/#website","url":"https:\/\/iamds.com\/","name":"IAMDS","description":"I am Data Solution","publisher":{"@id":"https:\/\/iamds.com\/#organization"},"potentialAction":[{"@type":"SearchAction","target":{"@type":"EntryPoint","urlTemplate":"https:\/\/iamds.com\/?s={search_term_string}"},"query-input":{"@type":"PropertyValueSpecification","valueRequired":true,"valueName":"search_term_string"}}],"inLanguage":"en-GB"},{"@type":"Organization","@id":"https:\/\/iamds.com\/#organization","name":"IAMDS GmbH","url":"https:\/\/iamds.com\/","logo":{"@type":"ImageObject","inLanguage":"en-GB","@id":"https:\/\/iamds.com\/#\/schema\/logo\/image\/","url":"https:\/\/iamds.com\/wp-content\/uploads\/2020\/01\/iamds_logo_schwarz.png","contentUrl":"https:\/\/iamds.com\/wp-content\/uploads\/2020\/01\/iamds_logo_schwarz.png","width":700,"height":231,"caption":"IAMDS GmbH"},"image":{"@id":"https:\/\/iamds.com\/#\/schema\/logo\/image\/"},"sameAs":["https:\/\/www.instagram.com\/iamds.de\/?ref=P80926400E","https:\/\/de.linkedin.com\/company\/iamds-gmbh"]}]}},"_links":{"self":[{"href":"https:\/\/iamds.com\/en\/wp-json\/wp\/v2\/pages\/7938","targetHints":{"allow":["GET"]}}],"collection":[{"href":"https:\/\/iamds.com\/en\/wp-json\/wp\/v2\/pages"}],"about":[{"href":"https:\/\/iamds.com\/en\/wp-json\/wp\/v2\/types\/page"}],"author":[{"embeddable":true,"href":"https:\/\/iamds.com\/en\/wp-json\/wp\/v2\/users\/7"}],"replies":[{"embeddable":true,"href":"https:\/\/iamds.com\/en\/wp-json\/wp\/v2\/comments?post=7938"}],"version-history":[{"count":5,"href":"https:\/\/iamds.com\/en\/wp-json\/wp\/v2\/pages\/7938\/revisions"}],"predecessor-version":[{"id":8214,"href":"https:\/\/iamds.com\/en\/wp-json\/wp\/v2\/pages\/7938\/revisions\/8214"}],"wp:attachment":[{"href":"https:\/\/iamds.com\/en\/wp-json\/wp\/v2\/media?parent=7938"}],"wp:term":[{"taxonomy":"folder","embeddable":true,"href":"https:\/\/iamds.com\/en\/wp-json\/wp\/v2\/folder?post=7938"}],"curies":[{"name":"wp","href":"https:\/\/api.w.org\/{rel}","templated":true}]}}